{"id":380,"date":"2026-02-07T09:20:04","date_gmt":"2026-02-07T09:20:04","guid":{"rendered":"https:\/\/sprinta-software.com\/?page_id=380"},"modified":"2026-02-11T18:28:43","modified_gmt":"2026-02-11T18:28:43","slug":"datenschutzerklarung","status":"publish","type":"page","link":"https:\/\/sprinta-software.com\/en\/datenschutzerklarung\/","title":{"rendered":"Datenschutzerkl\u00e4rung"},"content":{"rendered":"<p><strong>Datenschutzerkl\u00e4rung<\/strong><br>In folgender Datenschutzerkl\u00e4rung informieren wir Sie \u00fcber die wichtigsten Aspekte der Datenverarbeitung im Rahmen unserer Webseite. Wir erheben und verarbeiten personenbezogene Daten nur auf Grundlage der gesetzlichen Bestimmungen (Datenschutzgrundverordnung, Telekommunikationsgesetz 2003).<\/p>\n\n\n\n<p>Sobald Sie als Benutzer auf unsere Webseite zugreifen oder diese besuchen wird Ihre IP-Adresse, Beginn sowie Beginn und Ende der Sitzung erfasst. Dies ist technisch bedingt und stellt somit ein berechtigtes Interesse iSv Art 6 Abs 1 lit f DSGVO.<\/p>\n\n\n\n<p><strong>Verantwortlicher f\u00fcr die Datenverarbeitung<\/strong><br>Inhaber: Srdan Todorovi\u0107<br>Anschrift: Reininghauspark 4\/904, 8020 Graz<br>E-Mail: <strong><a href=\"mailto:sprintasoftware@gmail.com\" target=\"_blank\" rel=\"noreferrer noopener\">sprintasoftware@gmail.com<\/a><\/strong><\/p>\n\n\n\n<p><strong>Verarbeitung personenbezogener Daten beim Besuch der Website<\/strong><br>Diese Webseite und der damit verbundene Provider erhebt im Zuge der Webseitennutzung automatisch Informationen im Rahmen sogenannter \u201eServer-Log Files\u201c. Dies betrifft insbesondere:<\/p>\n\n\n\n<ul class=\"wp-block-list\">\n<li>IP-Adresse oder Hostname<\/li>\n\n\n\n<li>den verwendeten Browser<\/li>\n\n\n\n<li>Aufenthaltsdauer auf der Webseite sowie Datum und Uhrzeit<\/li>\n\n\n\n<li>aufgerufene Seiten der Webseite<\/li>\n\n\n\n<li>Spracheinstellungen und Betriebssystem<\/li>\n\n\n\n<li>\u201eLeaving-Page\u201c (auf welcher URL hat der Benutzer die Webseite verlassen)<\/li>\n\n\n\n<li>ISP (Internet Service Provider)<\/li>\n<\/ul>\n\n\n\n<p>Diese erhobenen Informationen werden nicht personenbezogen verarbeitet oder mit personenbezogenen Daten in Verbindung gebracht. Der Webseitenbetreiber beh\u00e4lt es sich vor, im Falle von Bekanntwerden rechtswidriger T\u00e4tigkeiten, diese Daten auszuwerten oder zu \u00fcberpr\u00fcfen.<\/p>\n\n\n\n<p><strong>Kontaktaufnahme<\/strong><br>Wenn Sie per E-Mail oder telefonisch Kontakt mit uns aufnehmen, werden die von Ihnen \u00fcbermittelten personenbezogenen Daten (z. B. Name, E-Mail-Adresse, Inhalt der Anfrage) ausschlie\u00dflich zur Bearbeitung Ihrer Anfrage verarbeitet. Diese Daten werden nicht ohne Ihre Einwilligung an Dritte weitergegeben.<\/p>\n\n\n\n<p><strong>Cookies<\/strong><br>Unsere Website verwendet so genannte Cookies. Dabei handelt es sich um kleine Textdateien, die mit Hilfe des Browsers auf Ihrem Endger\u00e4t abgelegt werden. Sie richten keinen Schaden an. Wir nutzen Cookies dazu, unser Angebot nutzerfreundlich zu gestalten. Einige Cookies bleiben auf Ihrem Endger\u00e4t gespeichert, bis Sie diese l\u00f6schen. Sie erm\u00f6glichen es uns, Ihren Browser beim n\u00e4chsten Besuch wiederzuerkennen. Wenn Sie dies nicht w\u00fcnschen, so k\u00f6nnen Sie Ihren Browser so einrichten, dass er Sie \u00fcber das Setzen von Cookies informiert und Sie dies nur im Einzelfall erlauben. Bei der Deaktivierung von Cookies kann die Funktionalit\u00e4t unserer Website eingeschr\u00e4nkt sein.<\/p>\n\n\n\n<p><strong>Hosting und Daten\u00fcbermittlung<\/strong><br>Unsere Website wird bei einem externen Hosting-Provider betrieben. Dabei k\u00f6nnen personenbezogene Daten, insbesondere IP-Adressen aus Server-Logfiles, auf Servern innerhalb der Europ\u00e4ischen Union (z. B. Niederlande) oder in Drittstaaten (z. B. USA) verarbeitet werden. Die Datenverarbeitung erfolgt auf Grundlage von Angemessenheitsbeschl\u00fcssen der Europ\u00e4ischen Kommission oder geeigneter Garantien gem\u00e4\u00df Art. 46 DSGVO (z. B. Standardvertragsklauseln).<\/p>\n\n\n\n<h5 class=\"wp-block-heading\">Google Fonts<\/h5>\n\n\n\n<p>Unsere Website verwendet Schriftarten von \u201eGoogle Fonts\u201c. Der Dienstanbieter dieser Funktion ist:<\/p>\n\n\n\n<ul class=\"wp-block-list\">\n<li>Google Ireland Limited Gordon House, Barrow Street Dublin 4. Ireland<\/li>\n<\/ul>\n\n\n\n<p>Tel: +353 1 543 1000<\/p>\n\n\n\n<p>Beim Aufrufen dieser Webseite l\u00e4dt Ihr Browser Schriftarten und speichert diese in den Cache. Da Sie, als Besucher der Webseite, Daten des Dienstanbieters empfangen kann Google unter Umst\u00e4nden Cookies auf Ihrem Rechner setzen oder analysieren. Die Nutzung von \u201eGoogle-Fonts\u201c dient der Optimierung unserer Dienstleistung und der einheitlichen Darstellung von Inhalten. Dies stellt ein berechtigtes Interesse im Sinne von Art. 6 Abs. 1 lit. f DSGVO dar.<\/p>\n\n\n\n<p>Weitere Informationen zu Google Fonts erhalten Sie unter folgendem Link:<\/p>\n\n\n\n<ul class=\"wp-block-list\">\n<li><a href=\"https:\/\/developers.google.com\/fonts\/faq\" rel=\"nofollow noopener\" target=\"_blank\">https:\/\/developers.google.com\/fonts\/faq<\/a><\/li>\n<\/ul>\n\n\n\n<p>Weitere Informationen \u00fcber den Umgang mit Nutzerdaten von Google k\u00f6nnen Sie der Datenschutzerkl\u00e4rung entnehmen:<\/p>\n\n\n\n<ul class=\"wp-block-list\">\n<li><a href=\"https:\/\/policies.google.com\/privacy?hl=de\" rel=\"nofollow noopener\" target=\"_blank\">https:\/\/policies.google.com\/privacy?hl=de\u00a0<\/a>.<\/li>\n<\/ul>\n\n\n\n<p>Google verarbeitet die Daten auch in den USA, hat sich jedoch dem<br>EU-US Privacy-Shield unterworfen.<\/p>\n\n\n\n<ul class=\"wp-block-list\">\n<li> <a href=\"https:\/\/www.privacyshield.gov\/EU-US-Framework\" data-type=\"link\" data-id=\"https:\/\/www.privacyshield.gov\/EU-US-Framework\" rel=\"nofollow noopener\" target=\"_blank\">https:\/\/www.privacyshield.gov\/EU-US-Framework<\/a><\/li>\n<\/ul>\n\n\n\n<p><strong>Weitergabe von Daten<\/strong><br>Eine Weitergabe Ihrer personenbezogenen Daten an Dritte erfolgt nicht, sofern keine gesetzliche Verpflichtung dazu besteht.<\/p>\n\n\n\n<p><strong>Ihre Rechte<\/strong><br>Ihnen stehen grunds\u00e4tzlich die Rechte auf Auskunft, Berichtigung, L\u00f6schung, Einschr\u00e4nkung der Verarbeitung, Daten\u00fcbertragbarkeit sowie Widerspruch zu. Wenn Sie der Ansicht sind, dass die Verarbeitung Ihrer personenbezogenen Daten gegen das Datenschutzrecht verst\u00f6\u00dft, haben Sie das Recht, Beschwerde bei der zust\u00e4ndigen Aufsichtsbeh\u00f6rde einzulegen.<\/p>\n\n\n\n<p><strong>Aufsichtsbeh\u00f6rde<\/strong><br>\u00d6sterreichische Datenschutzbeh\u00f6rde<br>Barichgasse 40\u201342<br>1030 Wien<br>Telefon: +43 1 52 152-0<br>E-Mail: dsb@dsb.gv.at<br>Web: https:\/\/www.dsb.gv.at<\/p>\n\n\n\n<p>Stand: <strong>Februar 2026<\/strong><\/p>","protected":false},"excerpt":{"rendered":"<p>Datenschutzerkl\u00e4rungIn folgender Datenschutzerkl\u00e4rung informieren wir Sie \u00fcber die wichtigsten Aspekte der Datenverarbeitung im Rahmen unserer Webseite. Wir erheben und verarbeiten personenbezogene Daten nur auf Grundlage der gesetzlichen Bestimmungen (Datenschutzgrundverordnung, Telekommunikationsgesetz 2003). Sobald Sie als Benutzer auf unsere Webseite zugreifen oder diese besuchen wird Ihre IP-Adresse, Beginn sowie Beginn und Ende der Sitzung erfasst. Dies ist&hellip;&nbsp;<a href=\"https:\/\/sprinta-software.com\/en\/datenschutzerklarung\/\" rel=\"bookmark\"><span class=\"screen-reader-text\">Datenschutzerkl\u00e4rung<\/span><\/a><\/p>","protected":false},"author":1,"featured_media":0,"parent":0,"menu_order":0,"comment_status":"closed","ping_status":"closed","template":"","meta":{"_uag_custom_page_level_css":"","neve_meta_sidebar":"","neve_meta_container":"","neve_meta_enable_content_width":"","neve_meta_content_width":0,"neve_meta_title_alignment":"","neve_meta_author_avatar":"","neve_post_elements_order":"","neve_meta_disable_header":"","neve_meta_disable_footer":"","neve_meta_disable_title":"","neve_meta_reading_time":"","footnotes":""},"class_list":["post-380","page","type-page","status-publish","hentry"],"uagb_featured_image_src":{"full":false,"thumbnail":false,"medium":false,"medium_large":false,"large":false,"1536x1536":false,"2048x2048":false,"trp-custom-language-flag":false,"neve-blog":false},"uagb_author_info":{"display_name":"marko","author_link":"https:\/\/sprinta-software.com\/en\/author\/marko\/"},"uagb_comment_info":0,"uagb_excerpt":"Datenschutzerkl\u00e4rungIn folgender Datenschutzerkl\u00e4rung informieren wir Sie \u00fcber die wichtigsten Aspekte der Datenverarbeitung im Rahmen unserer Webseite. Wir erheben und verarbeiten personenbezogene Daten nur auf Grundlage der gesetzlichen Bestimmungen (Datenschutzgrundverordnung, Telekommunikationsgesetz 2003). Sobald Sie als Benutzer auf unsere Webseite zugreifen oder diese besuchen wird Ihre IP-Adresse, Beginn sowie Beginn und Ende der Sitzung erfasst. Dies ist&hellip;&nbsp;Datenschutzerkl\u00e4rung","_links":{"self":[{"href":"https:\/\/sprinta-software.com\/en\/wp-json\/wp\/v2\/pages\/380","targetHints":{"allow":["GET"]}}],"collection":[{"href":"https:\/\/sprinta-software.com\/en\/wp-json\/wp\/v2\/pages"}],"about":[{"href":"https:\/\/sprinta-software.com\/en\/wp-json\/wp\/v2\/types\/page"}],"author":[{"embeddable":true,"href":"https:\/\/sprinta-software.com\/en\/wp-json\/wp\/v2\/users\/1"}],"replies":[{"embeddable":true,"href":"https:\/\/sprinta-software.com\/en\/wp-json\/wp\/v2\/comments?post=380"}],"version-history":[{"count":2,"href":"https:\/\/sprinta-software.com\/en\/wp-json\/wp\/v2\/pages\/380\/revisions"}],"predecessor-version":[{"id":502,"href":"https:\/\/sprinta-software.com\/en\/wp-json\/wp\/v2\/pages\/380\/revisions\/502"}],"wp:attachment":[{"href":"https:\/\/sprinta-software.com\/en\/wp-json\/wp\/v2\/media?parent=380"}],"curies":[{"name":"wp","href":"https:\/\/api.w.org\/{rel}","templated":true}]}}