{"id":122,"date":"2025-10-26T10:42:40","date_gmt":"2025-10-26T10:42:40","guid":{"rendered":"https:\/\/sprinta-software.com\/?page_id=122"},"modified":"2026-02-20T12:12:27","modified_gmt":"2026-02-20T12:12:27","slug":"uber-uns","status":"publish","type":"page","link":"https:\/\/sprinta-software.com\/en\/uber-uns\/","title":{"rendered":"About us"},"content":{"rendered":"<div class=\"wp-block-uagb-container uagb-block-2a637342 alignfull uagb-is-root-container\"><div class=\"uagb-container-inner-blocks-wrap\">\n<div class=\"wp-block-uagb-container uagb-block-e65e7f25 alignfull uagb-is-root-container\"><div class=\"uagb-container-inner-blocks-wrap\">\n<div class=\"wp-block-uagb-container uagb-block-21c8713d\">\n<div class=\"wp-block-uagb-advanced-heading uagb-block-6a27747f\"><h1 class=\"uagb-heading-text\">\u00dcBER UNS<\/h1><\/div>\n<\/div>\n\n\n\n<div class=\"wp-block-uagb-container uagb-block-6ec602a3\">\n<div class=\"wp-block-uagb-buttons uagb-buttons__outer-wrap uagb-btn__default-btn uagb-btn-tablet__default-btn uagb-btn-mobile__default-btn uagb-block-11ecd60a\"><div class=\"uagb-buttons__wrap uagb-buttons-layout-wrap\">\n<div class=\"wp-block-uagb-buttons-child uagb-buttons__outer-wrap uagb-block-3db28740 wp-block-button\"><div class=\"uagb-button__wrapper\"><a class=\"uagb-buttons-repeater wp-block-button__link\" aria-label=\"\" href=\"https:\/\/sprinta-software.com\/en\/contact\/\" rel=\"follow noopener\" target=\"_self\" role=\"button\"><div class=\"uagb-button__link\">CONTACT<\/div><\/a><\/div><\/div>\n<\/div><\/div>\n<\/div>\n<\/div><\/div>\n<\/div><\/div>\n\n\n\n<div class=\"wp-block-uagb-container uagb-block-52e904f0 alignfull uagb-is-root-container\"><div class=\"uagb-container-inner-blocks-wrap\">\n<div class=\"wp-block-uagb-container uagb-block-3cb3576a\">\n<div class=\"wp-block-uagb-advanced-heading uagb-block-b3ae256b\"><h3 class=\"uagb-heading-text\">WHO ARE WE?<\/h3><\/div>\n\n\n\n<div class=\"wp-block-uagb-advanced-heading uagb-block-96cefdb4\"><p class=\"uagb-heading-text\">Founded in 2026 in Graz, Austria, <strong>Sprinta <\/strong>is a forward-thinking software company specializing in modern <strong>web development <\/strong>and custom web applications. We build fast, secure, and scalable digital solutions that empower businesses to grow, automate processes, and connect with their customers more effectively.<br>From intuitive <strong>corporate websites <\/strong>and e-commerce platforms to fully tailored business systems, we combine technical expertise with creative vision to deliver products that are not only visually appealing but also robust, efficient, and future-ready.<br>Beyond development, Sprinta provides comprehensive<strong> branding and design services<\/strong>that bring your digital identity to life. Our creative team crafts distinctive visual identities, logos, and interfaces that reflect the essence of your brand and connect with your audience.<br>Whether you\u2019re building your first website, rebranding your business, or launching a new digital product, Sprinta ensures every detail aligns with your vision\u2014seamlessly blending functionality, <strong>design <\/strong>and <strong>innovation <\/strong>.<\/p><\/div>\n<\/div>\n\n\n\n<div class=\"wp-block-uagb-container uagb-block-6e8dc02a\">\n<div class=\"wp-block-uagb-container uagb-block-f5d1923c\">\n<div class=\"wp-block-uagb-advanced-heading uagb-block-23b39a2a\"><h3 class=\"uagb-heading-text\">OUR MISSION<\/h3><\/div>\n\n\n\n<div class=\"wp-block-uagb-advanced-heading uagb-block-0e706886\"><p class=\"uagb-heading-text\">At Sprinta, our mission is to create innovative digital solutions that help businesses stand out, streamline operations, and connect meaningfully with their customers. We strive to combine cutting-edge technology with exceptional design to deliver products that inspire trust, efficiency, and growth.<br>Wir verbinden modernste Technologie mit herausragendem Design, um Produkte zu entwickeln, die Vertrauen schaffen, Effizienz steigern und nachhaltiges Wachstum erm\u00f6glichen.<\/p><\/div>\n<\/div>\n<\/div>\n<\/div><\/div>\n\n\n\n<div id=\"our-team\" class=\"wp-block-uagb-container uagb-block-a9a74f42 alignfull uagb-is-root-container\"><div class=\"uagb-container-inner-blocks-wrap\">\n<div class=\"wp-block-uagb-advanced-heading uagb-block-3c69eb76\"><h2 class=\"uagb-heading-text\">UNSER TEAM<\/h2><\/div>\n\n\n\n<div style=\"height:60px\" aria-hidden=\"true\" class=\"wp-block-spacer\"><\/div>\n\n\n\n<div class=\"wp-block-uagb-container uagb-layout-grid uagb-block-b9633354 alignfull uagb-is-root-container\"><div class=\"uagb-container-inner-blocks-wrap\">\n<div class=\"wp-block-uagb-container uagb-block-1a0956ce\">\n<div class=\"wp-block-uagb-container uagb-block-3d7d3bc4\">\n<div class=\"wp-block-uagb-image aligncenter uagb-block-8fbff24c wp-block-uagb-image--layout-default wp-block-uagb-image--effect-static wp-block-uagb-image--align-center\"><figure class=\"wp-block-uagb-image__figure\"><img decoding=\"async\" srcset=\"https:\/\/sprinta-software.com\/wp-content\/uploads\/2025\/10\/sprinta-srdjan.png ,https:\/\/sprinta-software.com\/wp-content\/uploads\/2025\/10\/sprinta-srdjan.png 780w, https:\/\/sprinta-software.com\/wp-content\/uploads\/2025\/10\/sprinta-srdjan.png 360w\" sizes=\"auto, (max-width: 480px) 150px\" src=\"https:\/\/sprinta-software.com\/wp-content\/uploads\/2025\/10\/sprinta-srdjan.png\" alt=\"Sprinta Software - Srdjan Todorovic\" class=\"uag-image-133\" width=\"150\" height=\"150\" title=\"Sprinta Software - Srdjan Todorovic\" loading=\"lazy\" role=\"img\"\/><\/figure><\/div>\n\n\n\n<div style=\"height:25px\" aria-hidden=\"true\" class=\"wp-block-spacer\"><\/div>\n\n\n\n<div class=\"wp-block-uagb-advanced-heading uagb-block-6d4521cf\"><h3 class=\"uagb-heading-text\">Srdan Todorovic<\/h3><\/div>\n\n\n\n<div class=\"wp-block-uagb-advanced-heading uagb-block-0a62d13d\"><p class=\"uagb-heading-text\">Gr\u00fcnder &amp; CEO<\/p><\/div>\n\n\n\n<div class=\"wp-block-uagb-icon-list uagb-block-941e01d9\"><div class=\"uagb-icon-list__wrap\">\n<div class=\"wp-block-uagb-icon-list-child uagb-block-fa1aab59\"><span class=\"uagb-icon-list__source-wrap\"><svg xmlns=\"https:\/\/www.w3.org\/2000\/svg\" viewbox=\"0 0 640 512\"><path d=\"M623.1 136.9l-282.7-101.2c-13.73-4.91-28.7-4.91-42.43 0L16.05 136.9C6.438 140.4 0 149.6 0 160s6.438 19.65 16.05 23.09L76.07 204.6c-11.89 15.8-20.26 34.16-24.55 53.95C40.05 263.4 32 274.8 32 288c0 9.953 4.814 18.49 11.94 24.36l-24.83 149C17.48 471.1 25 480 34.89 480H93.11c9.887 0 17.41-8.879 15.78-18.63l-24.83-149C91.19 306.5 96 297.1 96 288c0-10.29-5.174-19.03-12.72-24.89c4.252-17.76 12.88-33.82 24.94-47.03l190.6 68.23c13.73 4.91 28.7 4.91 42.43 0l282.7-101.2C633.6 179.6 640 170.4 640 160S633.6 140.4 623.1 136.9zM351.1 314.4C341.7 318.1 330.9 320 320 320c-10.92 0-21.69-1.867-32-5.555L142.8 262.5L128 405.3C128 446.6 213.1 480 320 480c105.1 0 192-33.4 192-74.67l-14.78-142.9L351.1 314.4z\"><\/path><\/svg><\/span><span class=\"uagb-icon-list__label\">Software Engineer<\/span><\/div>\n\n\n\n<div class=\"wp-block-uagb-icon-list-child uagb-block-919b61d8\"><span class=\"uagb-icon-list__source-wrap\"><svg xmlns=\"https:\/\/www.w3.org\/2000\/svg\" viewbox=\"0 0 640 512\"><path d=\"M414.8 40.79L286.8 488.8C281.9 505.8 264.2 515.6 247.2 510.8C230.2 505.9 220.4 488.2 225.2 471.2L353.2 23.21C358.1 6.216 375.8-3.624 392.8 1.232C409.8 6.087 419.6 23.8 414.8 40.79H414.8zM518.6 121.4L630.6 233.4C643.1 245.9 643.1 266.1 630.6 278.6L518.6 390.6C506.1 403.1 485.9 403.1 473.4 390.6C460.9 378.1 460.9 357.9 473.4 345.4L562.7 256L473.4 166.6C460.9 154.1 460.9 133.9 473.4 121.4C485.9 108.9 506.1 108.9 518.6 121.4V121.4zM166.6 166.6L77.25 256L166.6 345.4C179.1 357.9 179.1 378.1 166.6 390.6C154.1 403.1 133.9 403.1 121.4 390.6L9.372 278.6C-3.124 266.1-3.124 245.9 9.372 233.4L121.4 121.4C133.9 108.9 154.1 108.9 166.6 121.4C179.1 133.9 179.1 154.1 166.6 166.6V166.6z\"><\/path><\/svg><\/span><span class=\"uagb-icon-list__label\">6 years of experience in Software Development<\/span><\/div>\n<\/div><\/div>\n<\/div>\n\n\n\n<div style=\"height:20px\" aria-hidden=\"true\" class=\"wp-block-spacer\"><\/div>\n\n\n\n<div class=\"wp-block-uagb-icon-list uagb-block-7884938c\"><div class=\"uagb-icon-list__wrap\">\n<div class=\"wp-block-uagb-icon-list-child uagb-block-2a31a83a\"><a target=\"_blank\" aria-label=\"PhD in Computer Science\" rel=\"noopener noreferrer nofollow\" href=\"https:\/\/www.linkedin.com\/in\/stodor99\/\"> <\/a><span class=\"uagb-icon-list__source-wrap\"><svg xmlns=\"https:\/\/www.w3.org\/2000\/svg\" viewbox=\"0 0 448 512\"><path d=\"M416 32H31.9C14.3 32 0 46.5 0 64.3v383.4C0 465.5 14.3 480 31.9 480H416c17.6 0 32-14.5 32-32.3V64.3c0-17.8-14.4-32.3-32-32.3zM135.4 416H69V202.2h66.5V416zm-33.2-243c-21.3 0-38.5-17.3-38.5-38.5S80.9 96 102.2 96c21.2 0 38.5 17.3 38.5 38.5 0 21.3-17.2 38.5-38.5 38.5zm282.1 243h-66.4V312c0-24.8-.5-56.7-34.5-56.7-34.6 0-39.9 27-39.9 54.9V416h-66.4V202.2h63.7v29.2h.9c8.9-16.8 30.6-34.5 62.9-34.5 67.2 0 79.7 44.3 79.7 101.9V416z\"><\/path><\/svg><\/span><\/div>\n<\/div><\/div>\n<\/div>\n\n\n\n<div class=\"wp-block-uagb-container uagb-block-bbbd63b2\">\n<div class=\"wp-block-uagb-container uagb-block-9f7cd3ca\">\n<div class=\"wp-block-uagb-image aligncenter uagb-block-188d5e35 wp-block-uagb-image--layout-default wp-block-uagb-image--effect-static wp-block-uagb-image--align-center\"><figure class=\"wp-block-uagb-image__figure\"><img decoding=\"async\" srcset=\"https:\/\/sprinta-software.com\/wp-content\/uploads\/2025\/10\/sprinta-marko.png ,https:\/\/sprinta-software.com\/wp-content\/uploads\/2025\/10\/sprinta-marko.png 780w, https:\/\/sprinta-software.com\/wp-content\/uploads\/2025\/10\/sprinta-marko.png 360w\" sizes=\"auto, (max-width: 480px) 150px\" src=\"https:\/\/sprinta-software.com\/wp-content\/uploads\/2025\/10\/sprinta-marko.png\" alt=\"Sprinta Software - Marko Pezer\" class=\"uag-image-134\" width=\"150\" height=\"150\" title=\"Sprinta Software - Marko Pezer\" loading=\"lazy\" role=\"img\"\/><\/figure><\/div>\n\n\n\n<div style=\"height:25px\" aria-hidden=\"true\" class=\"wp-block-spacer\"><\/div>\n\n\n\n<div class=\"wp-block-uagb-advanced-heading uagb-block-640241ca\"><h3 class=\"uagb-heading-text\">Marko Pezer<\/h3><\/div>\n\n\n\n<div class=\"wp-block-uagb-advanced-heading uagb-block-6ccc6e28\"><p class=\"uagb-heading-text\">Externer Berater<\/p><\/div>\n\n\n\n<div class=\"wp-block-uagb-icon-list uagb-block-707d63de\"><div class=\"uagb-icon-list__wrap\">\n<div class=\"wp-block-uagb-icon-list-child uagb-block-f1da8283\"><span class=\"uagb-icon-list__source-wrap\"><svg xmlns=\"https:\/\/www.w3.org\/2000\/svg\" viewbox=\"0 0 640 512\"><path d=\"M623.1 136.9l-282.7-101.2c-13.73-4.91-28.7-4.91-42.43 0L16.05 136.9C6.438 140.4 0 149.6 0 160s6.438 19.65 16.05 23.09L76.07 204.6c-11.89 15.8-20.26 34.16-24.55 53.95C40.05 263.4 32 274.8 32 288c0 9.953 4.814 18.49 11.94 24.36l-24.83 149C17.48 471.1 25 480 34.89 480H93.11c9.887 0 17.41-8.879 15.78-18.63l-24.83-149C91.19 306.5 96 297.1 96 288c0-10.29-5.174-19.03-12.72-24.89c4.252-17.76 12.88-33.82 24.94-47.03l190.6 68.23c13.73 4.91 28.7 4.91 42.43 0l282.7-101.2C633.6 179.6 640 170.4 640 160S633.6 140.4 623.1 136.9zM351.1 314.4C341.7 318.1 330.9 320 320 320c-10.92 0-21.69-1.867-32-5.555L142.8 262.5L128 405.3C128 446.6 213.1 480 320 480c105.1 0 192-33.4 192-74.67l-14.78-142.9L351.1 314.4z\"><\/path><\/svg><\/span><span class=\"uagb-icon-list__label\">PhD in Computer Science<\/span><\/div>\n\n\n\n<div class=\"wp-block-uagb-icon-list-child uagb-block-15d64937\"><span class=\"uagb-icon-list__source-wrap\"><svg xmlns=\"https:\/\/www.w3.org\/2000\/svg\" viewbox=\"0 0 640 512\"><path d=\"M414.8 40.79L286.8 488.8C281.9 505.8 264.2 515.6 247.2 510.8C230.2 505.9 220.4 488.2 225.2 471.2L353.2 23.21C358.1 6.216 375.8-3.624 392.8 1.232C409.8 6.087 419.6 23.8 414.8 40.79H414.8zM518.6 121.4L630.6 233.4C643.1 245.9 643.1 266.1 630.6 278.6L518.6 390.6C506.1 403.1 485.9 403.1 473.4 390.6C460.9 378.1 460.9 357.9 473.4 345.4L562.7 256L473.4 166.6C460.9 154.1 460.9 133.9 473.4 121.4C485.9 108.9 506.1 108.9 518.6 121.4V121.4zM166.6 166.6L77.25 256L166.6 345.4C179.1 357.9 179.1 378.1 166.6 390.6C154.1 403.1 133.9 403.1 121.4 390.6L9.372 278.6C-3.124 266.1-3.124 245.9 9.372 233.4L121.4 121.4C133.9 108.9 154.1 108.9 166.6 121.4C179.1 133.9 179.1 154.1 166.6 166.6V166.6z\"><\/path><\/svg><\/span><span class=\"uagb-icon-list__label\">9 years of experience in Software Development<\/span><\/div>\n<\/div><\/div>\n\n\n\n<div style=\"height:20px\" aria-hidden=\"true\" class=\"wp-block-spacer\"><\/div>\n\n\n\n<div class=\"wp-block-uagb-icon-list uagb-block-cbdd9da8\"><div class=\"uagb-icon-list__wrap\">\n<div class=\"wp-block-uagb-icon-list-child uagb-block-09cde6bd\"><a target=\"_blank\" aria-label=\"PhD in Computer Science\" rel=\"noopener noreferrer\" href=\"\/en\/ru.linkedin.com\/in\/marko-pezer-453578135\/\"> <\/a><span class=\"uagb-icon-list__source-wrap\"><svg xmlns=\"https:\/\/www.w3.org\/2000\/svg\" viewbox=\"0 0 448 512\"><path d=\"M416 32H31.9C14.3 32 0 46.5 0 64.3v383.4C0 465.5 14.3 480 31.9 480H416c17.6 0 32-14.5 32-32.3V64.3c0-17.8-14.4-32.3-32-32.3zM135.4 416H69V202.2h66.5V416zm-33.2-243c-21.3 0-38.5-17.3-38.5-38.5S80.9 96 102.2 96c21.2 0 38.5 17.3 38.5 38.5 0 21.3-17.2 38.5-38.5 38.5zm282.1 243h-66.4V312c0-24.8-.5-56.7-34.5-56.7-34.6 0-39.9 27-39.9 54.9V416h-66.4V202.2h63.7v29.2h.9c8.9-16.8 30.6-34.5 62.9-34.5 67.2 0 79.7 44.3 79.7 101.9V416z\"><\/path><\/svg><\/span><\/div>\n\n\n\n<div class=\"wp-block-uagb-icon-list-child uagb-block-7ab9476e\"><a target=\"_blank\" aria-label=\"9 years of experience in software development\" rel=\"noopener noreferrer nofollow\" href=\"https:\/\/www.researchgate.net\/profile\/Marko-Pezer\"> <\/a><span class=\"uagb-icon-list__source-wrap\"><svg xmlns=\"https:\/\/www.w3.org\/2000\/svg\" viewbox=\"0 0 448 512\"><path d=\"M0 32v448h448V32H0zm262.2 334.4c-6.6 3-33.2 6-50-14.2-9.2-10.6-25.3-33.3-42.2-63.6-8.9 0-14.7 0-21.4-.6v46.4c0 23.5 6 21.2 25.8 23.9v8.1c-6.9-.3-23.1-.8-35.6-.8-13.1 0-26.1 .6-33.6 .8v-8.1c15.5-2.9 22-1.3 22-23.9V225c0-22.6-6.4-21-22-23.9V193c25.8 1 53.1-.6 70.9-.6 31.7 0 55.9 14.4 55.9 45.6 0 21.1-16.7 42.2-39.2 47.5 13.6 24.2 30 45.6 42.2 58.9 7.2 7.8 17.2 14.7 27.2 14.7v7.3zm22.9-135c-23.3 0-32.2-15.7-32.2-32.2V167c0-12.2 8.8-30.4 34-30.4s30.4 17.9 30.4 17.9l-10.7 7.2s-5.5-12.5-19.7-12.5c-7.9 0-19.7 7.3-19.7 19.7v26.8c0 13.4 6.6 23.3 17.9 23.3 14.1 0 21.5-10.9 21.5-26.8h-17.9v-10.7h30.4c0 20.5 4.7 49.9-34 49.9zm-116.5 44.7c-9.4 0-13.6-.3-20-.8v-69.7c6.4-.6 15-.6 22.5-.6 23.3 0 37.2 12.2 37.2 34.5 0 21.9-15 36.6-39.7 36.6z\"><\/path><\/svg><\/span><\/div>\n<\/div><\/div>\n<\/div>\n<\/div>\n<\/div><\/div>\n<\/div><\/div>\n\n\n\n<div class=\"wp-block-uagb-container uagb-block-e2664812 alignfull uagb-is-root-container\"><div class=\"uagb-container-inner-blocks-wrap\">\n<div class=\"wp-block-uagb-icon-list uagb-block-37219254\"><div class=\"uagb-icon-list__wrap\">\n<div class=\"wp-block-uagb-icon-list-child uagb-block-cc9a4b49\"><a target=\"_blank\" aria-label=\"sprintasoftware@gmail.com\" rel=\"noopener noreferrer\" href=\"mailto:sprintasoftware@gmail.com\"> <\/a><span class=\"uagb-icon-list__source-wrap\"><svg xmlns=\"https:\/\/www.w3.org\/2000\/svg\" viewbox=\"0 0 512 512\"><path d=\"M464 64C490.5 64 512 85.49 512 112C512 127.1 504.9 141.3 492.8 150.4L275.2 313.6C263.8 322.1 248.2 322.1 236.8 313.6L19.2 150.4C7.113 141.3 0 127.1 0 112C0 85.49 21.49 64 48 64H464zM217.6 339.2C240.4 356.3 271.6 356.3 294.4 339.2L512 176V384C512 419.3 483.3 448 448 448H64C28.65 448 0 419.3 0 384V176L217.6 339.2z\"><\/path><\/svg><\/span><span class=\"uagb-icon-list__label\">sprintasoftware@gmail.com<\/span><\/div>\n\n\n\n<div class=\"wp-block-uagb-icon-list-child uagb-block-a21ee684\"><a target=\"_blank\" aria-label=\"+43 677 63 135 686\" rel=\"noopener noreferrer\" href=\"tel:+4367763135686\"> <\/a><span class=\"uagb-icon-list__source-wrap\"><svg xmlns=\"https:\/\/www.w3.org\/2000\/svg\" viewbox=\"0 0 512 512\"><path d=\"M511.2 387l-23.25 100.8c-3.266 14.25-15.79 24.22-30.46 24.22C205.2 512 0 306.8 0 54.5c0-14.66 9.969-27.2 24.22-30.45l100.8-23.25C139.7-2.602 154.7 5.018 160.8 18.92l46.52 108.5c5.438 12.78 1.77 27.67-8.98 36.45L144.5 207.1c33.98 69.22 90.26 125.5 159.5 159.5l44.08-53.8c8.688-10.78 23.69-14.51 36.47-8.975l108.5 46.51C506.1 357.2 514.6 372.4 511.2 387z\"><\/path><\/svg><\/span><span class=\"uagb-icon-list__label\">+43 677 63 135 686<\/span><\/div>\n\n\n\n<div class=\"wp-block-uagb-icon-list-child uagb-block-2941e717\"><a target=\"_blank\" aria-label=\"@sprintasoftware\" rel=\"noopener noreferrer nofollow\" href=\"https:\/\/www.instagram.com\/sprintasoftware\/\"> <\/a><span class=\"uagb-icon-list__source-wrap\"><svg xmlns=\"https:\/\/www.w3.org\/2000\/svg\" viewbox=\"0 0 448 512\"><path d=\"M224.1 141c-63.6 0-114.9 51.3-114.9 114.9s51.3 114.9 114.9 114.9S339 319.5 339 255.9 287.7 141 224.1 141zm0 189.6c-41.1 0-74.7-33.5-74.7-74.7s33.5-74.7 74.7-74.7 74.7 33.5 74.7 74.7-33.6 74.7-74.7 74.7zm146.4-194.3c0 14.9-12 26.8-26.8 26.8-14.9 0-26.8-12-26.8-26.8s12-26.8 26.8-26.8 26.8 12 26.8 26.8zm76.1 27.2c-1.7-35.9-9.9-67.7-36.2-93.9-26.2-26.2-58-34.4-93.9-36.2-37-2.1-147.9-2.1-184.9 0-35.8 1.7-67.6 9.9-93.9 36.1s-34.4 58-36.2 93.9c-2.1 37-2.1 147.9 0 184.9 1.7 35.9 9.9 67.7 36.2 93.9s58 34.4 93.9 36.2c37 2.1 147.9 2.1 184.9 0 35.9-1.7 67.7-9.9 93.9-36.2 26.2-26.2 34.4-58 36.2-93.9 2.1-37 2.1-147.8 0-184.8zM398.8 388c-7.8 19.6-22.9 34.7-42.6 42.6-29.5 11.7-99.5 9-132.1 9s-102.7 2.6-132.1-9c-19.6-7.8-34.7-22.9-42.6-42.6-11.7-29.5-9-99.5-9-132.1s-2.6-102.7 9-132.1c7.8-19.6 22.9-34.7 42.6-42.6 29.5-11.7 99.5-9 132.1-9s102.7-2.6 132.1 9c19.6 7.8 34.7 22.9 42.6 42.6 11.7 29.5 9 99.5 9 132.1s2.7 102.7-9 132.1z\"><\/path><\/svg><\/span><span class=\"uagb-icon-list__label\">@sprintasoftware<\/span><\/div>\n<\/div><\/div>\n<\/div><\/div>","protected":false},"excerpt":{"rendered":"<p>\u00dcBER UNS WER SIND WIR? Gegr\u00fcndet im Jahr 2026 in Graz, \u00d6sterreich, ist Sprinta ein zukunftsorientiertes Softwareunternehmen, das sich auf moderne Webentwicklung und ma\u00dfgeschneiderte Webanwendungen spezialisiert hat. Wir entwickeln schnelle, sichere und skalierbare digitale L\u00f6sungen, die Unternehmen dabei unterst\u00fctzen zu wachsen, Prozesse zu automatisieren und effektiver mit ihren Kunden zu kommunizieren.Von intuitiven Unternehmenswebsites und E-Commerce-Plattformen&hellip;&nbsp;<a href=\"https:\/\/sprinta-software.com\/en\/uber-uns\/\" rel=\"bookmark\"><span class=\"screen-reader-text\">About us<\/span><\/a><\/p>","protected":false},"author":1,"featured_media":0,"parent":0,"menu_order":0,"comment_status":"closed","ping_status":"closed","template":"page-templates\/template-pagebuilder-full-width.php","meta":{"_uag_custom_page_level_css":"","neve_meta_sidebar":"","neve_meta_container":"","neve_meta_enable_content_width":"","neve_meta_content_width":0,"neve_meta_title_alignment":"","neve_meta_author_avatar":"","neve_post_elements_order":"","neve_meta_disable_header":"","neve_meta_disable_footer":"","neve_meta_disable_title":"","neve_meta_reading_time":"","footnotes":""},"class_list":["post-122","page","type-page","status-publish","hentry"],"uagb_featured_image_src":{"full":false,"thumbnail":false,"medium":false,"medium_large":false,"large":false,"1536x1536":false,"2048x2048":false,"trp-custom-language-flag":false,"neve-blog":false},"uagb_author_info":{"display_name":"marko","author_link":"https:\/\/sprinta-software.com\/en\/author\/marko\/"},"uagb_comment_info":0,"uagb_excerpt":"\u00dcBER UNS WER SIND WIR? Gegr\u00fcndet im Jahr 2026 in Graz, \u00d6sterreich, ist Sprinta ein zukunftsorientiertes Softwareunternehmen, das sich auf moderne Webentwicklung und ma\u00dfgeschneiderte Webanwendungen spezialisiert hat. Wir entwickeln schnelle, sichere und skalierbare digitale L\u00f6sungen, die Unternehmen dabei unterst\u00fctzen zu wachsen, Prozesse zu automatisieren und effektiver mit ihren Kunden zu kommunizieren.Von intuitiven Unternehmenswebsites und E-Commerce-Plattformen&hellip;&nbsp;\u00dcber&hellip;","_links":{"self":[{"href":"https:\/\/sprinta-software.com\/en\/wp-json\/wp\/v2\/pages\/122","targetHints":{"allow":["GET"]}}],"collection":[{"href":"https:\/\/sprinta-software.com\/en\/wp-json\/wp\/v2\/pages"}],"about":[{"href":"https:\/\/sprinta-software.com\/en\/wp-json\/wp\/v2\/types\/page"}],"author":[{"embeddable":true,"href":"https:\/\/sprinta-software.com\/en\/wp-json\/wp\/v2\/users\/1"}],"replies":[{"embeddable":true,"href":"https:\/\/sprinta-software.com\/en\/wp-json\/wp\/v2\/comments?post=122"}],"version-history":[{"count":75,"href":"https:\/\/sprinta-software.com\/en\/wp-json\/wp\/v2\/pages\/122\/revisions"}],"predecessor-version":[{"id":526,"href":"https:\/\/sprinta-software.com\/en\/wp-json\/wp\/v2\/pages\/122\/revisions\/526"}],"wp:attachment":[{"href":"https:\/\/sprinta-software.com\/en\/wp-json\/wp\/v2\/media?parent=122"}],"curies":[{"name":"wp","href":"https:\/\/api.w.org\/{rel}","templated":true}]}}